{"id":307,"date":"2023-01-02T15:44:00","date_gmt":"2023-01-02T14:44:00","guid":{"rendered":"https:\/\/ecomlab.cat\/?page_id=307"},"modified":"2023-04-17T18:22:15","modified_gmt":"2023-04-17T17:22:15","slug":"objetivos-ods","status":"publish","type":"page","link":"https:\/\/ecomlab.cat\/es\/objetivos-ods\/","title":{"rendered":"Objetivos ODS"},"content":{"rendered":"\n<p>La ONU aprob\u00f3 el 25 de Septiembre de 2015 la \u201cAgenda 2030 para el Desarrollo Sostenible\u201d. En ese documento, la ONU explica, con sus 17 Objetivos de Desarrollo Sostenible, qu\u00e9 deben hacer los pa\u00edses desde el a\u00f1o 2016 hasta el a\u00f1o 2030 para acabar con la pobreza, la desigualdad y luchar contra el cambio clim\u00e1tico.&nbsp;<\/p>\n\n\n\n<p>La ONU anima a todos los pa\u00edses, ya sean ricos o pobres, a mejorar su pa\u00eds, al mismo tiempo que protegen el planeta.<\/p>\n","protected":false},"excerpt":{"rendered":"<p>La ONU aprob\u00f3 el 25 de Septiembre de 2015 la \u201cAgenda 2030 para el Desarrollo Sostenible\u201d. En ese documento, la ONU explica, con sus 17 Objetivos de Desarrollo Sostenible, qu\u00e9 deben hacer los pa\u00edses desde el a\u00f1o 2016 hasta el a\u00f1o 2030 para acabar con la pobreza, la desigualdad y luchar contra el cambio clim\u00e1tico.\u00a0<\/p>\n","protected":false},"author":1,"featured_media":829,"parent":0,"menu_order":0,"comment_status":"closed","ping_status":"closed","template":"tpl-objectius-ods.php","meta":{"footnotes":""},"acf":[],"_links":{"self":[{"href":"https:\/\/ecomlab.cat\/es\/wp-json\/wp\/v2\/pages\/307"}],"collection":[{"href":"https:\/\/ecomlab.cat\/es\/wp-json\/wp\/v2\/pages"}],"about":[{"href":"https:\/\/ecomlab.cat\/es\/wp-json\/wp\/v2\/types\/page"}],"author":[{"embeddable":true,"href":"https:\/\/ecomlab.cat\/es\/wp-json\/wp\/v2\/users\/1"}],"replies":[{"embeddable":true,"href":"https:\/\/ecomlab.cat\/es\/wp-json\/wp\/v2\/comments?post=307"}],"version-history":[{"count":3,"href":"https:\/\/ecomlab.cat\/es\/wp-json\/wp\/v2\/pages\/307\/revisions"}],"predecessor-version":[{"id":1494,"href":"https:\/\/ecomlab.cat\/es\/wp-json\/wp\/v2\/pages\/307\/revisions\/1494"}],"wp:featuredmedia":[{"embeddable":true,"href":"https:\/\/ecomlab.cat\/es\/wp-json\/wp\/v2\/media\/829"}],"wp:attachment":[{"href":"https:\/\/ecomlab.cat\/es\/wp-json\/wp\/v2\/media?parent=307"}],"curies":[{"name":"wp","href":"https:\/\/api.w.org\/{rel}","templated":true}]}}