{"id":313,"date":"2022-09-21T17:22:00","date_gmt":"2022-09-21T16:22:00","guid":{"rendered":"https:\/\/ecomlab.cat\/?page_id=313"},"modified":"2025-07-24T13:18:26","modified_gmt":"2025-07-24T12:18:26","slug":"guia-de-uso","status":"publish","type":"page","link":"https:\/\/ecomlab.cat\/es\/guia-de-uso\/","title":{"rendered":"Gu\u00eda de uso"},"content":{"rendered":"\n<p><strong>\u00a1Gracias por llegar hasta aqu\u00ed!<\/strong><br>Bienvenidxs a <strong>ECOMLAB<\/strong>, el portal de <em>ECOM<\/em> que quiere acercar a toda la ciudadan\u00eda el valor de la diferencia y la riqueza que aporta la diversidad. Un espacio para explorar, aprender y transformar miradas hacia una sociedad verdaderamente inclusiva.<\/p>\n\n\n\n<p>En ECOM entendemos la discapacidad desde un enfoque basado en los <strong>derechos humanos<\/strong> y el <strong>modelo social<\/strong>, tambi\u00e9n llamado paradigma de la autonom\u00eda personal. Esto significa que la discapacidad no est\u00e1 en la persona, sino en las <strong>barreras del entorno<\/strong> que nos excluyen y nos impiden tener las mismas oportunidades que el resto. \u00a1El cambio empieza por transformar el entorno!<\/p>\n\n\n\n<p>La metodolog\u00eda de ECOMLAB apuesta por el <strong>aprendizaje significativo<\/strong>, partiendo de los conocimientos previos de cada persona y proponiendo actividades que permiten avanzar de forma progresiva, pr\u00e1ctica y vivencial.<\/p>\n\n\n\n<p>Aqu\u00ed encontrar\u00e1s propuestas organizadas por edad, tem\u00e1tica, tipolog\u00eda, objetivos pedag\u00f3gicos, ODS y derechos recogidos en la Convenci\u00f3n Internacional sobre los Derechos de las Personas con Discapacidad. Y lo mejor: es un portal <strong>vivo<\/strong>, en constante transformaci\u00f3n y dise\u00f1ado con criterios de <strong>accesibilidad universal<\/strong>.<\/p>\n\n\n\n<p> En los botones que ver\u00e1s a la derecha de este texto, puedes acceder a informaci\u00f3n espec\u00edfica seg\u00fan tu perfil: <strong>familias<\/strong> o <strong>profesionales del \u00e1mbito educativo<\/strong>. \u00a1Todo pensado para que encuentres lo que m\u00e1s se adapta a ti!<\/p>\n","protected":false},"excerpt":{"rendered":"<p>ECOMLAB, recursos para una sociedad inclusiva, es un portal web creado por ECOM con el objetivo de acercar a la ciudadan\u00eda el valor de la diferencia y la riqueza que aporta la diversidad.<\/p>\n","protected":false},"author":1,"featured_media":276,"parent":0,"menu_order":0,"comment_status":"closed","ping_status":"closed","template":"tpl-pagina-amb-destacat.php","meta":{"footnotes":""},"acf":[],"_links":{"self":[{"href":"https:\/\/ecomlab.cat\/es\/wp-json\/wp\/v2\/pages\/313"}],"collection":[{"href":"https:\/\/ecomlab.cat\/es\/wp-json\/wp\/v2\/pages"}],"about":[{"href":"https:\/\/ecomlab.cat\/es\/wp-json\/wp\/v2\/types\/page"}],"author":[{"embeddable":true,"href":"https:\/\/ecomlab.cat\/es\/wp-json\/wp\/v2\/users\/1"}],"replies":[{"embeddable":true,"href":"https:\/\/ecomlab.cat\/es\/wp-json\/wp\/v2\/comments?post=313"}],"version-history":[{"count":18,"href":"https:\/\/ecomlab.cat\/es\/wp-json\/wp\/v2\/pages\/313\/revisions"}],"predecessor-version":[{"id":2104,"href":"https:\/\/ecomlab.cat\/es\/wp-json\/wp\/v2\/pages\/313\/revisions\/2104"}],"wp:featuredmedia":[{"embeddable":true,"href":"https:\/\/ecomlab.cat\/es\/wp-json\/wp\/v2\/media\/276"}],"wp:attachment":[{"href":"https:\/\/ecomlab.cat\/es\/wp-json\/wp\/v2\/media?parent=313"}],"curies":[{"name":"wp","href":"https:\/\/api.w.org\/{rel}","templated":true}]}}