{"id":315,"date":"2022-09-21T17:47:35","date_gmt":"2022-09-21T16:47:35","guid":{"rendered":"https:\/\/ecomlab.cat\/?page_id=315"},"modified":"2023-04-28T10:37:18","modified_gmt":"2023-04-28T09:37:18","slug":"contacta-con-nosotros","status":"publish","type":"page","link":"https:\/\/ecomlab.cat\/es\/contacta-con-nosotros\/","title":{"rendered":"Contacta con nosotros"},"content":{"rendered":"\n<h2 class=\"wp-block-heading\">ECOM<\/h2>\n\n\n\n<p>Gran Via de les Corts Catalanes 562, pral, 2a 08011 Barcelona <\/p>\n\n\n\n<p>Para comunicarte con nosotros puedes hacerlo a trav\u00e9s del correo electr\u00f3nico <a href=\"mailto:ecomlab@ecom.cat\">ecomlab@ecom.cat<\/a> o bien rellenar el formulario que encontrar\u00e1s a continuaci\u00f3n y nos pondremos contact\u00e1remos lo antes posible.<\/p>\n","protected":false},"excerpt":{"rendered":"<p>ECOM Gran Via de les Corts Catalanes 562, pral, 2a 08011 Barcelona Para comunicarte con nosotros puedes hacerlo a trav\u00e9s del correo electr\u00f3nico ecomlab@ecom.cat o bien rellenar el formulario que encontrar\u00e1s a continuaci\u00f3n y nos pondremos contact\u00e1remos lo antes posible.<\/p>\n","protected":false},"author":1,"featured_media":0,"parent":0,"menu_order":0,"comment_status":"closed","ping_status":"closed","template":"tpl-pagina-contacte.php","meta":{"footnotes":""},"acf":[],"_links":{"self":[{"href":"https:\/\/ecomlab.cat\/es\/wp-json\/wp\/v2\/pages\/315"}],"collection":[{"href":"https:\/\/ecomlab.cat\/es\/wp-json\/wp\/v2\/pages"}],"about":[{"href":"https:\/\/ecomlab.cat\/es\/wp-json\/wp\/v2\/types\/page"}],"author":[{"embeddable":true,"href":"https:\/\/ecomlab.cat\/es\/wp-json\/wp\/v2\/users\/1"}],"replies":[{"embeddable":true,"href":"https:\/\/ecomlab.cat\/es\/wp-json\/wp\/v2\/comments?post=315"}],"version-history":[{"count":8,"href":"https:\/\/ecomlab.cat\/es\/wp-json\/wp\/v2\/pages\/315\/revisions"}],"predecessor-version":[{"id":1612,"href":"https:\/\/ecomlab.cat\/es\/wp-json\/wp\/v2\/pages\/315\/revisions\/1612"}],"wp:attachment":[{"href":"https:\/\/ecomlab.cat\/es\/wp-json\/wp\/v2\/media?parent=315"}],"curies":[{"name":"wp","href":"https:\/\/api.w.org\/{rel}","templated":true}]}}